{"id":496,"date":"2013-05-23T13:22:31","date_gmt":"2013-05-23T13:22:31","guid":{"rendered":"http:\/\/localhost\/whb\/?page_id=496"},"modified":"2017-05-31T12:05:36","modified_gmt":"2017-05-31T10:05:36","slug":"about-page","status":"publish","type":"page","link":"https:\/\/www.royalqualitycars.es\/?page_id=496","title":{"rendered":"Qui\u00e9nes Somos"},"content":{"rendered":"<div class=\"wp-caption alignright\">\n<img loading=\"lazy\" class=\"alignright wp-image-1672\" src=\"https:\/\/www.royalqualitycars.es\/wp-content\/uploads\/2017\/04\/concesionario.jpg\" alt=\"Royal Quality Cars\" width=\"300\" height=\"225\" \/><\/p>\n<\/div>\n<p><strong>Royal Quality Cars<\/strong>\u00a0es una empresa consolidada en el sector del autom\u00f3vil, contamos con un equipo de profesionales que se ponen a su disposici\u00f3n para aconsejarte sobre el autom\u00f3vil que mejor se ajusta a sus necesidades.<\/p>\n<p>Le ofrecemos profesionalidad, eficiencia, excelente trato, confianza y por supuesto la mejor financiaci\u00f3n para que el cliente quede satisfecho.<\/p>\n<p>Antes de comprar su veh\u00edculo nuevo, o de segunda mano no dude en consultarnos, tenemos los mejores precios y el mejor servicio al cliente.<\/p>\n<p>Nos puede encontrar Av\/ de la Constituci\u00f3n s\/n 28946 Fuenlabrada (Madrid).<\/p>\n<p><strong>\u00a1\u00a1 LE ESPERAMOS !!\u00a0 <\/strong>En\u00a0<strong>Royal Quality Cars<\/strong>, nos ponemos a su disposici\u00f3n.<\/p>\n<hr \/>\n<p>ABIERTO DE LUNES A VIERNES DE 09:30 A 14:00H Y DE 16:30 A 20:30H Y S\u00c1BADOS DE 10:00 A 14:00H.<\/p>\n<p>CONSULTENOS<\/p>\n","protected":false},"excerpt":{"rendered":"<p>Royal Quality Cars\u00a0es una empresa consolidada en el sector del autom\u00f3vil, contamos con un equipo de profesionales que se ponen a su disposici\u00f3n para aconsejarte sobre el autom\u00f3vil que mejor se ajusta a sus necesidades. Le ofrecemos profesionalidad, eficiencia, excelente trato, confianza y por supuesto la mejor financiaci\u00f3n para que el cliente quede satisfecho. Antes de comprar su veh\u00edculo nuevo, o de segunda mano no dude en consultarnos, tenemos los mejores precios y el mejor servicio al cliente. Nos puede encontrar Av\/ de la Constituci\u00f3n s\/n 28946 Fuenlabrada (Madrid). \u00a1\u00a1 LE ESPERAMOS !!\u00a0 En\u00a0Royal Quality Cars, nos ponemos a su disposici\u00f3n. ABIERTO DE LUNES A VIERNES DE 09:30 A 14:00H Y DE 16:30 A 20:30H Y S\u00c1BADOS DE 10:00 A 14:00H. CONSULTENOS<\/p>\n","protected":false},"author":1,"featured_media":0,"parent":0,"menu_order":0,"comment_status":"open","ping_status":"closed","template":"","meta":[],"_links":{"self":[{"href":"https:\/\/www.royalqualitycars.es\/index.php?rest_route=\/wp\/v2\/pages\/496"}],"collection":[{"href":"https:\/\/www.royalqualitycars.es\/index.php?rest_route=\/wp\/v2\/pages"}],"about":[{"href":"https:\/\/www.royalqualitycars.es\/index.php?rest_route=\/wp\/v2\/types\/page"}],"author":[{"embeddable":true,"href":"https:\/\/www.royalqualitycars.es\/index.php?rest_route=\/wp\/v2\/users\/1"}],"replies":[{"embeddable":true,"href":"https:\/\/www.royalqualitycars.es\/index.php?rest_route=%2Fwp%2Fv2%2Fcomments&post=496"}],"version-history":[{"count":12,"href":"https:\/\/www.royalqualitycars.es\/index.php?rest_route=\/wp\/v2\/pages\/496\/revisions"}],"predecessor-version":[{"id":1856,"href":"https:\/\/www.royalqualitycars.es\/index.php?rest_route=\/wp\/v2\/pages\/496\/revisions\/1856"}],"wp:attachment":[{"href":"https:\/\/www.royalqualitycars.es\/index.php?rest_route=%2Fwp%2Fv2%2Fmedia&parent=496"}],"curies":[{"name":"wp","href":"https:\/\/api.w.org\/{rel}","templated":true}]}}